{"id":11,"date":"2024-04-12T13:38:51","date_gmt":"2024-04-12T11:38:51","guid":{"rendered":"https:\/\/adwokaw.cluster028.hosting.ovh.net\/?page_id=11"},"modified":"2024-04-25T10:56:42","modified_gmt":"2024-04-25T08:56:42","slug":"kancelaria","status":"publish","type":"page","link":"https:\/\/adwokatlubin.com\/index.php\/kancelaria\/","title":{"rendered":"Kancelaria"},"content":{"rendered":"\n<p>Jeste\u015b z Lublina? Szukasz do\u015bwiadczonego adwokata, kt\u00f3ry kompleksowo zajmie si\u0119 Twoj\u0105 spraw\u0105? Skontaktuj si\u0119 z kancelari\u0105 Adwokack\u0105 Grzegorza Buby! Podczas rozmowy uzyskasz odpowiedzi na Twoje pytania.<\/p>\n","protected":false},"excerpt":{"rendered":"<p>Jeste\u015b z Lublina? Szukasz do\u015bwiadczonego adwokata, kt\u00f3ry kompleksowo zajmie si\u0119 Twoj\u0105 spraw\u0105? Skontaktuj si\u0119 z kancelari\u0105 Adwokack\u0105 Grzegorza Buby! Podczas [&hellip;]<\/p>\n","protected":false},"author":1,"featured_media":0,"parent":0,"menu_order":0,"comment_status":"closed","ping_status":"closed","template":"","meta":{"footnotes":""},"class_list":["post-11","page","type-page","status-publish","hentry"],"_links":{"self":[{"href":"https:\/\/adwokatlubin.com\/index.php\/wp-json\/wp\/v2\/pages\/11","targetHints":{"allow":["GET"]}}],"collection":[{"href":"https:\/\/adwokatlubin.com\/index.php\/wp-json\/wp\/v2\/pages"}],"about":[{"href":"https:\/\/adwokatlubin.com\/index.php\/wp-json\/wp\/v2\/types\/page"}],"author":[{"embeddable":true,"href":"https:\/\/adwokatlubin.com\/index.php\/wp-json\/wp\/v2\/users\/1"}],"replies":[{"embeddable":true,"href":"https:\/\/adwokatlubin.com\/index.php\/wp-json\/wp\/v2\/comments?post=11"}],"version-history":[{"count":2,"href":"https:\/\/adwokatlubin.com\/index.php\/wp-json\/wp\/v2\/pages\/11\/revisions"}],"predecessor-version":[{"id":2294,"href":"https:\/\/adwokatlubin.com\/index.php\/wp-json\/wp\/v2\/pages\/11\/revisions\/2294"}],"wp:attachment":[{"href":"https:\/\/adwokatlubin.com\/index.php\/wp-json\/wp\/v2\/media?parent=11"}],"curies":[{"name":"wp","href":"https:\/\/api.w.org\/{rel}","templated":true}]}}